{"id":218,"date":"2025-11-23T19:30:48","date_gmt":"2025-11-23T19:30:48","guid":{"rendered":"https:\/\/gofitcenter.ch\/?post_type=product&#038;p=218"},"modified":"2026-03-06T23:05:27","modified_gmt":"2026-03-06T23:05:27","slug":"aurashape-hoodie-set","status":"publish","type":"product","link":"https:\/\/gofitcenter.ch\/de\/produkt\/aurashape-hoodie-set\/","title":{"rendered":"GoFit AuraShape Hoodie-Set"},"content":{"rendered":"<p>Dieses braune Set kombiniert einen l\u00e4ssigen, kurzen Hoodie mit einer weit geschnittenen Hose f\u00fcr m\u00fchelosen Tragekomfort.<br data-start=\"206\" data-end=\"209\" \/>Der weiche, mittelschwere Stoff macht es ideal zum Entspannen oder f\u00fcr legere Ausfl\u00fcge.<br data-start=\"279\" data-end=\"282\" \/>Der Hoodie zeichnet sich durch eine lockere Passform und dezente Details f\u00fcr einen klaren, minimalistischen Look aus.<br data-start=\"361\" data-end=\"364\" \/>Die Hose f\u00e4llt nat\u00fcrlich und erm\u00f6glicht so optimale Bewegungsfreiheit, ohne aufzutragen.<br data-start=\"429\" data-end=\"432\" \/>Zusammen ergeben sie ein gem\u00fctliches, aufeinander abgestimmtes Outfit mit einem modernen Touch.<\/p>","protected":false},"excerpt":{"rendered":"<article class=\"text-token-text-primary w-full focus:outline-none [--shadow-height:45px] has-data-writing-block:pointer-events-none has-data-writing-block:-mt-(--shadow-height) has-data-writing-block:pt-(--shadow-height) [&amp;:has([data-writing-block])&gt;*]:pointer-events-auto scroll-mt-[calc(var(--header-height)+min(200px,max(70px,20svh)))]\" dir=\"auto\" tabindex=\"-1\" data-turn-id=\"request-6937f374-3d70-8327-b1f3-bd9a33e3ad4e-3\" data-testid=\"conversation-turn-56\" data-scroll-anchor=\"true\" data-turn=\"assistant\">\n<div class=\"text-base my-auto mx-auto pb-10 [--thread-content-margin:--spacing(4)] @w-sm\/main:[--thread-content-margin:--spacing(6)] @w-lg\/main:[--thread-content-margin:--spacing(16)] px-(--thread-content-margin)\">\n<div class=\"[--thread-content-max-width:40rem] @w-lg\/main:[--thread-content-max-width:48rem] mx-auto max-w-(--thread-content-max-width) flex-1 group\/turn-messages focus-visible:outline-hidden relative flex w-full min-w-0 flex-col agent-turn\" tabindex=\"-1\">\n<div class=\"flex max-w-full flex-col grow\">\n<div class=\"min-h-8 text-message relative flex w-full flex-col items-end gap-2 text-start break-words whitespace-normal [.text-message+&amp;]:mt-1\" dir=\"auto\" data-message-author-role=\"assistant\" data-message-id=\"6a65d547-29f0-4b23-a2e4-dc9e6dc234ff\" data-message-model-slug=\"gpt-5-1\">\n<div class=\"flex w-full flex-col gap-1 empty:hidden first:pt-[1px]\">\n<div class=\"markdown prose dark:prose-invert w-full break-words dark markdown-new-styling\">\n<p data-start=\"535\" data-end=\"630\" data-is-last-node=\"\" data-is-only-node=\"\">Comfortable brown lounge set with a cropped hoodie and wide-leg pants for a modern relaxed fit.<\/p>\n<\/div>\n<\/div>\n<\/div>\n<\/div>\n<div class=\"z-0 flex min-h-[46px] justify-start\"><\/div>\n<div class=\"mt-3 w-full empty:hidden\">\n<div class=\"text-center\"><\/div>\n<\/div>\n<\/div>\n<\/div>\n<\/article>\n<div class=\"pointer-events-none h-px w-px\" aria-hidden=\"true\" data-edge=\"true\"><\/div>\n","protected":false},"featured_media":268,"comment_status":"open","ping_status":"closed","template":"","meta":[],"product_brand":[40],"product_cat":[35],"product_tag":[],"class_list":{"0":"post-218","1":"product","2":"type-product","3":"status-publish","4":"has-post-thumbnail","6":"product_brand-gofitcenter","7":"product_cat-women-sportswear","9":"first","10":"instock","11":"taxable","12":"shipping-taxable","13":"purchasable","14":"product-type-bundle"},"bundled_by":[],"bundle_stock_status":"instock","bundle_stock_quantity":"","bundle_virtual":false,"bundle_layout":"default","bundle_add_to_cart_form_location":"default","bundle_editable_in_cart":true,"bundle_sold_individually_context":"product","bundle_item_grouping":"parent","bundle_min_size":1,"bundle_max_size":"","bundle_price":{"price":{"min":{"incl_tax":"89.9","excl_tax":"83.163737"},"max":{"incl_tax":"89.9","excl_tax":"83.163737"}},"regular_price":{"min":{"incl_tax":"89.9","excl_tax":"83.163737"},"max":{"incl_tax":"89.9","excl_tax":"83.163737"}}},"bundled_items":[{"bundled_item_id":1,"product_id":196,"menu_order":0,"quantity_min":1,"quantity_max":1,"quantity_default":1,"priced_individually":false,"shipped_individually":false,"override_title":false,"title":"GoFit AuraShape Kapuzenpullover","override_description":false,"description":"","optional":false,"hide_thumbnail":false,"discount":"","override_variations":false,"allowed_variations":[],"override_default_variation_attributes":false,"default_variation_attributes":[],"single_product_visibility":"visible","cart_visibility":"visible","order_visibility":"visible","single_product_price_visibility":"visible","cart_price_visibility":"visible","order_price_visibility":"visible","stock_status":"in_stock"},{"bundled_item_id":2,"product_id":204,"menu_order":1,"quantity_min":1,"quantity_max":1,"quantity_default":1,"priced_individually":false,"shipped_individually":false,"override_title":false,"title":"GoFit AuraShape Jogginghose","override_description":false,"description":"","optional":false,"hide_thumbnail":false,"discount":"","override_variations":false,"allowed_variations":[],"override_default_variation_attributes":false,"default_variation_attributes":[],"single_product_visibility":"visible","cart_visibility":"visible","order_visibility":"visible","single_product_price_visibility":"visible","cart_price_visibility":"visible","order_price_visibility":"visible","stock_status":"in_stock"}],"bundle_sell_ids":[],"yoast_head":"<!-- This site is optimized with the Yoast SEO plugin v27.0 - https:\/\/yoast.com\/product\/yoast-seo-wordpress\/ -->\n<title>GoFit AuraShape Hoodie Set - GoFitCenter<\/title>\n<meta name=\"robots\" content=\"index, follow, max-snippet:-1, max-image-preview:large, max-video-preview:-1\" \/>\n<link rel=\"canonical\" href=\"https:\/\/gofitcenter.ch\/de\/produkt\/aurashape-hoodie-set\/\" \/>\n<meta property=\"og:locale\" content=\"de_DE\" \/>\n<meta property=\"og:type\" content=\"article\" \/>\n<meta property=\"og:title\" content=\"GoFit AuraShape Hoodie Set - GoFitCenter\" \/>\n<meta property=\"og:description\" content=\"Comfortable brown lounge set with a cropped hoodie and wide-leg pants for a modern relaxed fit.\" \/>\n<meta property=\"og:url\" content=\"https:\/\/gofitcenter.ch\/de\/produkt\/aurashape-hoodie-set\/\" \/>\n<meta property=\"og:site_name\" content=\"GoFitCenter\" \/>\n<meta property=\"article:modified_time\" content=\"2026-03-06T23:05:27+00:00\" \/>\n<meta property=\"og:image\" content=\"http:\/\/gofitcenter.ch\/wp-content\/uploads\/2025\/11\/hoodie_set.jpg\" \/>\n\t<meta property=\"og:image:width\" content=\"1497\" \/>\n\t<meta property=\"og:image:height\" content=\"1497\" \/>\n\t<meta property=\"og:image:type\" content=\"image\/jpeg\" \/>\n<meta name=\"twitter:card\" content=\"summary_large_image\" \/>\n<meta name=\"twitter:label1\" content=\"Gesch\u00e4tzte Lesezeit\" \/>\n\t<meta name=\"twitter:data1\" content=\"1\u00a0Minute\" \/>\n<script type=\"application\/ld+json\" class=\"yoast-schema-graph\">{\"@context\":\"https:\/\/schema.org\",\"@graph\":[{\"@type\":\"WebPage\",\"@id\":\"https:\/\/gofitcenter.ch\/product\/aurashape-hoodie-set\/\",\"url\":\"https:\/\/gofitcenter.ch\/product\/aurashape-hoodie-set\/\",\"name\":\"GoFit AuraShape Hoodie Set - GoFitCenter\",\"isPartOf\":{\"@id\":\"http:\/\/gofitcenter.ch\/#website\"},\"primaryImageOfPage\":{\"@id\":\"https:\/\/gofitcenter.ch\/product\/aurashape-hoodie-set\/#primaryimage\"},\"image\":{\"@id\":\"https:\/\/gofitcenter.ch\/product\/aurashape-hoodie-set\/#primaryimage\"},\"thumbnailUrl\":\"https:\/\/gofitcenter.ch\/wp-content\/uploads\/2025\/11\/hoodie_set.jpg\",\"datePublished\":\"2025-11-23T19:30:48+00:00\",\"dateModified\":\"2026-03-06T23:05:27+00:00\",\"breadcrumb\":{\"@id\":\"https:\/\/gofitcenter.ch\/product\/aurashape-hoodie-set\/#breadcrumb\"},\"inLanguage\":\"de-CH\",\"potentialAction\":[{\"@type\":\"ReadAction\",\"target\":[\"https:\/\/gofitcenter.ch\/product\/aurashape-hoodie-set\/\"]}]},{\"@type\":\"ImageObject\",\"inLanguage\":\"de-CH\",\"@id\":\"https:\/\/gofitcenter.ch\/product\/aurashape-hoodie-set\/#primaryimage\",\"url\":\"https:\/\/gofitcenter.ch\/wp-content\/uploads\/2025\/11\/hoodie_set.jpg\",\"contentUrl\":\"https:\/\/gofitcenter.ch\/wp-content\/uploads\/2025\/11\/hoodie_set.jpg\",\"width\":1497,\"height\":1497},{\"@type\":\"BreadcrumbList\",\"@id\":\"https:\/\/gofitcenter.ch\/product\/aurashape-hoodie-set\/#breadcrumb\",\"itemListElement\":[{\"@type\":\"ListItem\",\"position\":1,\"name\":\"Accueil\",\"item\":\"https:\/\/gofitcenter.ch\/\"},{\"@type\":\"ListItem\",\"position\":2,\"name\":\"Shop\",\"item\":\"http:\/\/gofitcenter.ch\/shop\/\"},{\"@type\":\"ListItem\",\"position\":3,\"name\":\"GoFit AuraShape Hoodie Set\"}]},{\"@type\":\"WebSite\",\"@id\":\"http:\/\/gofitcenter.ch\/#website\",\"url\":\"http:\/\/gofitcenter.ch\/\",\"name\":\"GoFitCenter\",\"description\":\"\",\"publisher\":{\"@id\":\"http:\/\/gofitcenter.ch\/#organization\"},\"potentialAction\":[{\"@type\":\"SearchAction\",\"target\":{\"@type\":\"EntryPoint\",\"urlTemplate\":\"http:\/\/gofitcenter.ch\/?s={search_term_string}\"},\"query-input\":{\"@type\":\"PropertyValueSpecification\",\"valueRequired\":true,\"valueName\":\"search_term_string\"}}],\"inLanguage\":\"de-CH\"},{\"@type\":\"Organization\",\"@id\":\"http:\/\/gofitcenter.ch\/#organization\",\"name\":\"GoFitCenter\",\"url\":\"http:\/\/gofitcenter.ch\/\",\"logo\":{\"@type\":\"ImageObject\",\"inLanguage\":\"de-CH\",\"@id\":\"http:\/\/gofitcenter.ch\/#\/schema\/logo\/image\/\",\"url\":\"https:\/\/gofitcenter.ch\/wp-content\/uploads\/2025\/12\/telechargement.png\",\"contentUrl\":\"https:\/\/gofitcenter.ch\/wp-content\/uploads\/2025\/12\/telechargement.png\",\"width\":28,\"height\":28,\"caption\":\"GoFitCenter\"},\"image\":{\"@id\":\"http:\/\/gofitcenter.ch\/#\/schema\/logo\/image\/\"}}]}<\/script>\n<!-- \/ Yoast SEO plugin. -->","yoast_head_json":{"title":"GoFit AuraShape Hoodie Set - GoFitCenter","robots":{"index":"index","follow":"follow","max-snippet":"max-snippet:-1","max-image-preview":"max-image-preview:large","max-video-preview":"max-video-preview:-1"},"canonical":"https:\/\/gofitcenter.ch\/de\/produkt\/aurashape-hoodie-set\/","og_locale":"de_DE","og_type":"article","og_title":"GoFit AuraShape Hoodie Set - GoFitCenter","og_description":"Comfortable brown lounge set with a cropped hoodie and wide-leg pants for a modern relaxed fit.","og_url":"https:\/\/gofitcenter.ch\/de\/produkt\/aurashape-hoodie-set\/","og_site_name":"GoFitCenter","article_modified_time":"2026-03-06T23:05:27+00:00","og_image":[{"width":1497,"height":1497,"url":"http:\/\/gofitcenter.ch\/wp-content\/uploads\/2025\/11\/hoodie_set.jpg","type":"image\/jpeg"}],"twitter_card":"summary_large_image","twitter_misc":{"Gesch\u00e4tzte Lesezeit":"1\u00a0Minute"},"schema":{"@context":"https:\/\/schema.org","@graph":[{"@type":"WebPage","@id":"https:\/\/gofitcenter.ch\/product\/aurashape-hoodie-set\/","url":"https:\/\/gofitcenter.ch\/product\/aurashape-hoodie-set\/","name":"GoFit AuraShape Hoodie Set - GoFitCenter","isPartOf":{"@id":"http:\/\/gofitcenter.ch\/#website"},"primaryImageOfPage":{"@id":"https:\/\/gofitcenter.ch\/product\/aurashape-hoodie-set\/#primaryimage"},"image":{"@id":"https:\/\/gofitcenter.ch\/product\/aurashape-hoodie-set\/#primaryimage"},"thumbnailUrl":"https:\/\/gofitcenter.ch\/wp-content\/uploads\/2025\/11\/hoodie_set.jpg","datePublished":"2025-11-23T19:30:48+00:00","dateModified":"2026-03-06T23:05:27+00:00","breadcrumb":{"@id":"https:\/\/gofitcenter.ch\/product\/aurashape-hoodie-set\/#breadcrumb"},"inLanguage":"de-CH","potentialAction":[{"@type":"ReadAction","target":["https:\/\/gofitcenter.ch\/product\/aurashape-hoodie-set\/"]}]},{"@type":"ImageObject","inLanguage":"de-CH","@id":"https:\/\/gofitcenter.ch\/product\/aurashape-hoodie-set\/#primaryimage","url":"https:\/\/gofitcenter.ch\/wp-content\/uploads\/2025\/11\/hoodie_set.jpg","contentUrl":"https:\/\/gofitcenter.ch\/wp-content\/uploads\/2025\/11\/hoodie_set.jpg","width":1497,"height":1497},{"@type":"BreadcrumbList","@id":"https:\/\/gofitcenter.ch\/product\/aurashape-hoodie-set\/#breadcrumb","itemListElement":[{"@type":"ListItem","position":1,"name":"Accueil","item":"https:\/\/gofitcenter.ch\/"},{"@type":"ListItem","position":2,"name":"Shop","item":"http:\/\/gofitcenter.ch\/shop\/"},{"@type":"ListItem","position":3,"name":"GoFit AuraShape Hoodie Set"}]},{"@type":"WebSite","@id":"http:\/\/gofitcenter.ch\/#website","url":"http:\/\/gofitcenter.ch\/","name":"GoFitCenter","description":"","publisher":{"@id":"http:\/\/gofitcenter.ch\/#organization"},"potentialAction":[{"@type":"SearchAction","target":{"@type":"EntryPoint","urlTemplate":"http:\/\/gofitcenter.ch\/?s={search_term_string}"},"query-input":{"@type":"PropertyValueSpecification","valueRequired":true,"valueName":"search_term_string"}}],"inLanguage":"de-CH"},{"@type":"Organization","@id":"http:\/\/gofitcenter.ch\/#organization","name":"GoFitCenter","url":"http:\/\/gofitcenter.ch\/","logo":{"@type":"ImageObject","inLanguage":"de-CH","@id":"http:\/\/gofitcenter.ch\/#\/schema\/logo\/image\/","url":"https:\/\/gofitcenter.ch\/wp-content\/uploads\/2025\/12\/telechargement.png","contentUrl":"https:\/\/gofitcenter.ch\/wp-content\/uploads\/2025\/12\/telechargement.png","width":28,"height":28,"caption":"GoFitCenter"},"image":{"@id":"http:\/\/gofitcenter.ch\/#\/schema\/logo\/image\/"}}]}},"_links":{"self":[{"href":"https:\/\/gofitcenter.ch\/de\/wp-json\/wp\/v2\/product\/218","targetHints":{"allow":["GET"]}}],"collection":[{"href":"https:\/\/gofitcenter.ch\/de\/wp-json\/wp\/v2\/product"}],"about":[{"href":"https:\/\/gofitcenter.ch\/de\/wp-json\/wp\/v2\/types\/product"}],"replies":[{"embeddable":true,"href":"https:\/\/gofitcenter.ch\/de\/wp-json\/wp\/v2\/comments?post=218"}],"wp:featuredmedia":[{"embeddable":true,"href":"https:\/\/gofitcenter.ch\/de\/wp-json\/wp\/v2\/media\/268"}],"wp:attachment":[{"href":"https:\/\/gofitcenter.ch\/de\/wp-json\/wp\/v2\/media?parent=218"}],"wp:term":[{"taxonomy":"product_brand","embeddable":true,"href":"https:\/\/gofitcenter.ch\/de\/wp-json\/wp\/v2\/product_brand?post=218"},{"taxonomy":"product_cat","embeddable":true,"href":"https:\/\/gofitcenter.ch\/de\/wp-json\/wp\/v2\/product_cat?post=218"},{"taxonomy":"product_tag","embeddable":true,"href":"https:\/\/gofitcenter.ch\/de\/wp-json\/wp\/v2\/product_tag?post=218"}],"curies":[{"name":"wp","href":"https:\/\/api.w.org\/{rel}","templated":true}]}}