{"id":582,"date":"2025-12-04T11:57:06","date_gmt":"2025-12-04T11:57:06","guid":{"rendered":"https:\/\/gofitcenter.ch\/?post_type=product&#038;p=582"},"modified":"2026-03-06T23:01:05","modified_gmt":"2026-03-06T23:01:05","slug":"movex-jumpsuits","status":"publish","type":"product","link":"https:\/\/gofitcenter.ch\/de\/produkt\/movex-jumpsuits\/","title":{"rendered":"GoFit Movex Jumpsuits"},"content":{"rendered":"<p data-start=\"292\" data-end=\"435\">Dieser marineblaue Sport-Overall besticht durch seine elegante, k\u00f6rperbetonte Passform und seinen sportlich-eleganten Look.<br data-start=\"212\" data-end=\"215\" \/>Der Rei\u00dfverschluss vorne erm\u00f6glicht es Ihnen, den Halsausschnitt individuell anzupassen und gleichzeitig die schlanke Silhouette zu bewahren.<br data-start=\"299\" data-end=\"302\" \/>Der weiche, dehnbare Stoff macht jede Bewegung mit und bietet Komfort beim Training oder in der Freizeit.<br data-start=\"385\" data-end=\"388\" \/>Kurze \u00c4rmel und eine L\u00e4nge bis zur Mitte des Oberschenkels sorgen f\u00fcr eine ausgewogene, schmeichelhafte Silhouette.<br data-start=\"464\" data-end=\"467\" \/>Abgerundet wird das Design durch ein minimalistisches Logo f\u00fcr eine dezente sportliche Note.<\/p>","protected":false},"excerpt":{"rendered":"<article class=\"text-token-text-primary w-full focus:outline-none [--shadow-height:45px] has-data-writing-block:pointer-events-none has-data-writing-block:-mt-(--shadow-height) has-data-writing-block:pt-(--shadow-height) [&amp;:has([data-writing-block])&gt;*]:pointer-events-auto scroll-mt-[calc(var(--header-height)+min(200px,max(70px,20svh)))]\" dir=\"auto\" tabindex=\"-1\" data-turn-id=\"request-6937f374-3d70-8327-b1f3-bd9a33e3ad4e-3\" data-testid=\"conversation-turn-82\" data-scroll-anchor=\"true\" data-turn=\"assistant\">\n<div class=\"text-base my-auto mx-auto pb-10 [--thread-content-margin:--spacing(4)] @w-sm\/main:[--thread-content-margin:--spacing(6)] @w-lg\/main:[--thread-content-margin:--spacing(16)] px-(--thread-content-margin)\">\n<div class=\"[--thread-content-max-width:40rem] @w-lg\/main:[--thread-content-max-width:48rem] mx-auto max-w-(--thread-content-max-width) flex-1 group\/turn-messages focus-visible:outline-hidden relative flex w-full min-w-0 flex-col agent-turn\" tabindex=\"-1\">\n<div class=\"flex max-w-full flex-col grow\">\n<div class=\"min-h-8 text-message relative flex w-full flex-col items-end gap-2 text-start break-words whitespace-normal [.text-message+&amp;]:mt-1\" dir=\"auto\" data-message-author-role=\"assistant\" data-message-id=\"2fef5368-11ec-4351-bb89-13c8ac9dfa49\" data-message-model-slug=\"gpt-5-1\">\n<div class=\"flex w-full flex-col gap-1 empty:hidden first:pt-[1px]\">\n<div class=\"markdown prose dark:prose-invert w-full break-words dark markdown-new-styling\">\n<p data-start=\"565\" data-end=\"634\" data-is-last-node=\"\" data-is-only-node=\"\">Sleek navy athletic romper with a zip front and smooth, stretchy fit.<\/p>\n<\/div>\n<\/div>\n<\/div>\n<\/div>\n<div class=\"z-0 flex min-h-[46px] justify-start\"><\/div>\n<div class=\"mt-3 w-full empty:hidden\">\n<div class=\"text-center\"><\/div>\n<\/div>\n<\/div>\n<\/div>\n<\/article>\n<div class=\"pointer-events-none h-px w-px\" aria-hidden=\"true\" data-edge=\"true\"><\/div>\n<h3 data-start=\"229\" data-end=\"291\"><\/h3>\n","protected":false},"featured_media":584,"comment_status":"open","ping_status":"closed","template":"","meta":[],"product_brand":[40],"product_cat":[35],"product_tag":[],"class_list":{"0":"post-582","1":"product","2":"type-product","3":"status-publish","4":"has-post-thumbnail","6":"product_brand-gofitcenter","7":"product_cat-women-sportswear","9":"first","10":"instock","11":"taxable","12":"shipping-taxable","13":"purchasable","14":"product-type-variable"},"bundled_by":[],"bundle_stock_status":"instock","bundle_stock_quantity":null,"bundle_virtual":false,"bundle_layout":"","bundle_add_to_cart_form_location":"","bundle_editable_in_cart":false,"bundle_sold_individually_context":"","bundle_item_grouping":"","bundle_min_size":"","bundle_max_size":"","bundle_price":[],"bundled_items":[],"bundle_sell_ids":[],"yoast_head":"<!-- This site is optimized with the Yoast SEO plugin v27.0 - https:\/\/yoast.com\/product\/yoast-seo-wordpress\/ -->\n<title>GoFit Movex JumpSuits - GoFitCenter<\/title>\n<meta name=\"description\" content=\"Discover the Dynatek short sleeve active romper for women, designed for comfort, stretch and a sleek fit. Perfect for workouts and active everyday wear.\" \/>\n<meta name=\"robots\" content=\"index, follow, max-snippet:-1, max-image-preview:large, max-video-preview:-1\" \/>\n<link rel=\"canonical\" href=\"https:\/\/gofitcenter.ch\/de\/produkt\/movex-jumpsuits\/\" \/>\n<meta property=\"og:locale\" content=\"de_DE\" \/>\n<meta property=\"og:type\" content=\"article\" \/>\n<meta property=\"og:title\" content=\"GoFit Movex JumpSuits - GoFitCenter\" \/>\n<meta property=\"og:description\" content=\"Discover the Dynatek short sleeve active romper for women, designed for comfort, stretch and a sleek fit. Perfect for workouts and active everyday wear.\" \/>\n<meta property=\"og:url\" content=\"https:\/\/gofitcenter.ch\/de\/produkt\/movex-jumpsuits\/\" \/>\n<meta property=\"og:site_name\" content=\"GoFitCenter\" \/>\n<meta property=\"article:modified_time\" content=\"2026-03-06T23:01:05+00:00\" \/>\n<meta property=\"og:image\" content=\"http:\/\/gofitcenter.ch\/wp-content\/uploads\/2025\/12\/7bb3f6cd-573b-4f4e-af46-6e238f1cf579.png\" \/>\n\t<meta property=\"og:image:width\" content=\"1024\" \/>\n\t<meta property=\"og:image:height\" content=\"1024\" \/>\n\t<meta property=\"og:image:type\" content=\"image\/png\" \/>\n<meta name=\"twitter:card\" content=\"summary_large_image\" \/>\n<meta name=\"twitter:label1\" content=\"Gesch\u00e4tzte Lesezeit\" \/>\n\t<meta name=\"twitter:data1\" content=\"1\u00a0Minute\" \/>\n<script type=\"application\/ld+json\" class=\"yoast-schema-graph\">{\"@context\":\"https:\/\/schema.org\",\"@graph\":[{\"@type\":\"WebPage\",\"@id\":\"https:\/\/gofitcenter.ch\/product\/movex-jumpsuits\/\",\"url\":\"https:\/\/gofitcenter.ch\/product\/movex-jumpsuits\/\",\"name\":\"GoFit Movex JumpSuits - GoFitCenter\",\"isPartOf\":{\"@id\":\"http:\/\/gofitcenter.ch\/#website\"},\"primaryImageOfPage\":{\"@id\":\"https:\/\/gofitcenter.ch\/product\/movex-jumpsuits\/#primaryimage\"},\"image\":{\"@id\":\"https:\/\/gofitcenter.ch\/product\/movex-jumpsuits\/#primaryimage\"},\"thumbnailUrl\":\"https:\/\/gofitcenter.ch\/wp-content\/uploads\/2025\/12\/7bb3f6cd-573b-4f4e-af46-6e238f1cf579.png\",\"datePublished\":\"2025-12-04T11:57:06+00:00\",\"dateModified\":\"2026-03-06T23:01:05+00:00\",\"description\":\"Discover the Dynatek short sleeve active romper for women, designed for comfort, stretch and a sleek fit. Perfect for workouts and active everyday wear.\",\"breadcrumb\":{\"@id\":\"https:\/\/gofitcenter.ch\/product\/movex-jumpsuits\/#breadcrumb\"},\"inLanguage\":\"de-CH\",\"potentialAction\":[{\"@type\":\"ReadAction\",\"target\":[\"https:\/\/gofitcenter.ch\/product\/movex-jumpsuits\/\"]}]},{\"@type\":\"ImageObject\",\"inLanguage\":\"de-CH\",\"@id\":\"https:\/\/gofitcenter.ch\/product\/movex-jumpsuits\/#primaryimage\",\"url\":\"https:\/\/gofitcenter.ch\/wp-content\/uploads\/2025\/12\/7bb3f6cd-573b-4f4e-af46-6e238f1cf579.png\",\"contentUrl\":\"https:\/\/gofitcenter.ch\/wp-content\/uploads\/2025\/12\/7bb3f6cd-573b-4f4e-af46-6e238f1cf579.png\",\"width\":1024,\"height\":1024},{\"@type\":\"BreadcrumbList\",\"@id\":\"https:\/\/gofitcenter.ch\/product\/movex-jumpsuits\/#breadcrumb\",\"itemListElement\":[{\"@type\":\"ListItem\",\"position\":1,\"name\":\"Accueil\",\"item\":\"https:\/\/gofitcenter.ch\/\"},{\"@type\":\"ListItem\",\"position\":2,\"name\":\"Shop\",\"item\":\"http:\/\/gofitcenter.ch\/shop\/\"},{\"@type\":\"ListItem\",\"position\":3,\"name\":\"GoFit Movex JumpSuits\"}]},{\"@type\":\"WebSite\",\"@id\":\"http:\/\/gofitcenter.ch\/#website\",\"url\":\"http:\/\/gofitcenter.ch\/\",\"name\":\"GoFitCenter\",\"description\":\"\",\"publisher\":{\"@id\":\"http:\/\/gofitcenter.ch\/#organization\"},\"potentialAction\":[{\"@type\":\"SearchAction\",\"target\":{\"@type\":\"EntryPoint\",\"urlTemplate\":\"http:\/\/gofitcenter.ch\/?s={search_term_string}\"},\"query-input\":{\"@type\":\"PropertyValueSpecification\",\"valueRequired\":true,\"valueName\":\"search_term_string\"}}],\"inLanguage\":\"de-CH\"},{\"@type\":\"Organization\",\"@id\":\"http:\/\/gofitcenter.ch\/#organization\",\"name\":\"GoFitCenter\",\"url\":\"http:\/\/gofitcenter.ch\/\",\"logo\":{\"@type\":\"ImageObject\",\"inLanguage\":\"de-CH\",\"@id\":\"http:\/\/gofitcenter.ch\/#\/schema\/logo\/image\/\",\"url\":\"https:\/\/gofitcenter.ch\/wp-content\/uploads\/2025\/12\/telechargement.png\",\"contentUrl\":\"https:\/\/gofitcenter.ch\/wp-content\/uploads\/2025\/12\/telechargement.png\",\"width\":28,\"height\":28,\"caption\":\"GoFitCenter\"},\"image\":{\"@id\":\"http:\/\/gofitcenter.ch\/#\/schema\/logo\/image\/\"}}]}<\/script>\n<!-- \/ Yoast SEO plugin. -->","yoast_head_json":{"title":"GoFit Movex JumpSuits - GoFitCenter","description":"Discover the Dynatek short sleeve active romper for women, designed for comfort, stretch and a sleek fit. Perfect for workouts and active everyday wear.","robots":{"index":"index","follow":"follow","max-snippet":"max-snippet:-1","max-image-preview":"max-image-preview:large","max-video-preview":"max-video-preview:-1"},"canonical":"https:\/\/gofitcenter.ch\/de\/produkt\/movex-jumpsuits\/","og_locale":"de_DE","og_type":"article","og_title":"GoFit Movex JumpSuits - GoFitCenter","og_description":"Discover the Dynatek short sleeve active romper for women, designed for comfort, stretch and a sleek fit. Perfect for workouts and active everyday wear.","og_url":"https:\/\/gofitcenter.ch\/de\/produkt\/movex-jumpsuits\/","og_site_name":"GoFitCenter","article_modified_time":"2026-03-06T23:01:05+00:00","og_image":[{"width":1024,"height":1024,"url":"http:\/\/gofitcenter.ch\/wp-content\/uploads\/2025\/12\/7bb3f6cd-573b-4f4e-af46-6e238f1cf579.png","type":"image\/png"}],"twitter_card":"summary_large_image","twitter_misc":{"Gesch\u00e4tzte Lesezeit":"1\u00a0Minute"},"schema":{"@context":"https:\/\/schema.org","@graph":[{"@type":"WebPage","@id":"https:\/\/gofitcenter.ch\/product\/movex-jumpsuits\/","url":"https:\/\/gofitcenter.ch\/product\/movex-jumpsuits\/","name":"GoFit Movex JumpSuits - GoFitCenter","isPartOf":{"@id":"http:\/\/gofitcenter.ch\/#website"},"primaryImageOfPage":{"@id":"https:\/\/gofitcenter.ch\/product\/movex-jumpsuits\/#primaryimage"},"image":{"@id":"https:\/\/gofitcenter.ch\/product\/movex-jumpsuits\/#primaryimage"},"thumbnailUrl":"https:\/\/gofitcenter.ch\/wp-content\/uploads\/2025\/12\/7bb3f6cd-573b-4f4e-af46-6e238f1cf579.png","datePublished":"2025-12-04T11:57:06+00:00","dateModified":"2026-03-06T23:01:05+00:00","description":"Discover the Dynatek short sleeve active romper for women, designed for comfort, stretch and a sleek fit. Perfect for workouts and active everyday wear.","breadcrumb":{"@id":"https:\/\/gofitcenter.ch\/product\/movex-jumpsuits\/#breadcrumb"},"inLanguage":"de-CH","potentialAction":[{"@type":"ReadAction","target":["https:\/\/gofitcenter.ch\/product\/movex-jumpsuits\/"]}]},{"@type":"ImageObject","inLanguage":"de-CH","@id":"https:\/\/gofitcenter.ch\/product\/movex-jumpsuits\/#primaryimage","url":"https:\/\/gofitcenter.ch\/wp-content\/uploads\/2025\/12\/7bb3f6cd-573b-4f4e-af46-6e238f1cf579.png","contentUrl":"https:\/\/gofitcenter.ch\/wp-content\/uploads\/2025\/12\/7bb3f6cd-573b-4f4e-af46-6e238f1cf579.png","width":1024,"height":1024},{"@type":"BreadcrumbList","@id":"https:\/\/gofitcenter.ch\/product\/movex-jumpsuits\/#breadcrumb","itemListElement":[{"@type":"ListItem","position":1,"name":"Accueil","item":"https:\/\/gofitcenter.ch\/"},{"@type":"ListItem","position":2,"name":"Shop","item":"http:\/\/gofitcenter.ch\/shop\/"},{"@type":"ListItem","position":3,"name":"GoFit Movex JumpSuits"}]},{"@type":"WebSite","@id":"http:\/\/gofitcenter.ch\/#website","url":"http:\/\/gofitcenter.ch\/","name":"GoFitCenter","description":"","publisher":{"@id":"http:\/\/gofitcenter.ch\/#organization"},"potentialAction":[{"@type":"SearchAction","target":{"@type":"EntryPoint","urlTemplate":"http:\/\/gofitcenter.ch\/?s={search_term_string}"},"query-input":{"@type":"PropertyValueSpecification","valueRequired":true,"valueName":"search_term_string"}}],"inLanguage":"de-CH"},{"@type":"Organization","@id":"http:\/\/gofitcenter.ch\/#organization","name":"GoFitCenter","url":"http:\/\/gofitcenter.ch\/","logo":{"@type":"ImageObject","inLanguage":"de-CH","@id":"http:\/\/gofitcenter.ch\/#\/schema\/logo\/image\/","url":"https:\/\/gofitcenter.ch\/wp-content\/uploads\/2025\/12\/telechargement.png","contentUrl":"https:\/\/gofitcenter.ch\/wp-content\/uploads\/2025\/12\/telechargement.png","width":28,"height":28,"caption":"GoFitCenter"},"image":{"@id":"http:\/\/gofitcenter.ch\/#\/schema\/logo\/image\/"}}]}},"_links":{"self":[{"href":"https:\/\/gofitcenter.ch\/de\/wp-json\/wp\/v2\/product\/582","targetHints":{"allow":["GET"]}}],"collection":[{"href":"https:\/\/gofitcenter.ch\/de\/wp-json\/wp\/v2\/product"}],"about":[{"href":"https:\/\/gofitcenter.ch\/de\/wp-json\/wp\/v2\/types\/product"}],"replies":[{"embeddable":true,"href":"https:\/\/gofitcenter.ch\/de\/wp-json\/wp\/v2\/comments?post=582"}],"wp:featuredmedia":[{"embeddable":true,"href":"https:\/\/gofitcenter.ch\/de\/wp-json\/wp\/v2\/media\/584"}],"wp:attachment":[{"href":"https:\/\/gofitcenter.ch\/de\/wp-json\/wp\/v2\/media?parent=582"}],"wp:term":[{"taxonomy":"product_brand","embeddable":true,"href":"https:\/\/gofitcenter.ch\/de\/wp-json\/wp\/v2\/product_brand?post=582"},{"taxonomy":"product_cat","embeddable":true,"href":"https:\/\/gofitcenter.ch\/de\/wp-json\/wp\/v2\/product_cat?post=582"},{"taxonomy":"product_tag","embeddable":true,"href":"https:\/\/gofitcenter.ch\/de\/wp-json\/wp\/v2\/product_tag?post=582"}],"curies":[{"name":"wp","href":"https:\/\/api.w.org\/{rel}","templated":true}]}}