{"id":545,"date":"2025-12-04T10:25:34","date_gmt":"2025-12-04T10:25:34","guid":{"rendered":"https:\/\/gofitcenter.ch\/?post_type=product&#038;p=545"},"modified":"2026-03-06T23:01:56","modified_gmt":"2026-03-06T23:01:56","slug":"selene-shorts","status":"publish","type":"product","link":"https:\/\/gofitcenter.ch\/it\/prodotto\/selene-shorts\/","title":{"rendered":"Pantaloncini GoFit S\u00e9l\u00e8ne"},"content":{"rendered":"<p data-start=\"293\" data-end=\"434\">Questi shorts neri sagomati presentano un&#039;elegante bordatura bianca che definisce la silhouette.<br data-start=\"196\" data-end=\"199\" \/>La fascia in vita alta offre sostegno al busto e garantisce una vestibilit\u00e0 sicura e valorizzante.<br data-start=\"280\" data-end=\"283\" \/>Realizzati in tessuto elasticizzato, offrono libert\u00e0 di movimento illimitata per l&#039;allenamento o il tempo libero.<br data-start=\"367\" data-end=\"370\" \/>Il logo minimalista sull&#039;anca aggiunge un tocco moderno e sportivo.<br data-start=\"424\" data-end=\"427\" \/>Perfetto per allenamenti, corsa, Pilates o per un look sportivo quotidiano.<\/p>","protected":false},"excerpt":{"rendered":"<article class=\"text-token-text-primary w-full focus:outline-none [--shadow-height:45px] has-data-writing-block:pointer-events-none has-data-writing-block:-mt-(--shadow-height) has-data-writing-block:pt-(--shadow-height) [&amp;:has([data-writing-block])&gt;*]:pointer-events-auto scroll-mt-[calc(var(--header-height)+min(200px,max(70px,20svh)))]\" dir=\"auto\" tabindex=\"-1\" data-turn-id=\"request-6937f374-3d70-8327-b1f3-bd9a33e3ad4e-9\" data-testid=\"conversation-turn-94\" data-scroll-anchor=\"true\" data-turn=\"assistant\">\n<div class=\"text-base my-auto mx-auto pb-10 [--thread-content-margin:--spacing(4)] @w-sm\/main:[--thread-content-margin:--spacing(6)] @w-lg\/main:[--thread-content-margin:--spacing(16)] px-(--thread-content-margin)\">\n<div class=\"[--thread-content-max-width:40rem] @w-lg\/main:[--thread-content-max-width:48rem] mx-auto max-w-(--thread-content-max-width) flex-1 group\/turn-messages focus-visible:outline-hidden relative flex w-full min-w-0 flex-col agent-turn\" tabindex=\"-1\">\n<div class=\"flex max-w-full flex-col grow\">\n<div class=\"min-h-8 text-message relative flex w-full flex-col items-end gap-2 text-start break-words whitespace-normal [.text-message+&amp;]:mt-1\" dir=\"auto\" data-message-author-role=\"assistant\" data-message-id=\"b577e35d-1753-4b73-be7e-00343e88e5b2\" data-message-model-slug=\"gpt-5-1\">\n<div class=\"flex w-full flex-col gap-1 empty:hidden first:pt-[1px]\">\n<div class=\"markdown prose dark:prose-invert w-full break-words dark markdown-new-styling\">\n<p data-start=\"529\" data-end=\"606\" data-is-last-node=\"\" data-is-only-node=\"\">Black high-waist contour shorts with contrast piping and a sleek, sporty fit.<\/p>\n<\/div>\n<\/div>\n<\/div>\n<\/div>\n<div class=\"z-0 flex min-h-[46px] justify-start\"><\/div>\n<div class=\"mt-3 w-full empty:hidden\">\n<div class=\"text-center\"><\/div>\n<\/div>\n<\/div>\n<\/div>\n<\/article>\n<div class=\"pointer-events-none h-px w-px\" aria-hidden=\"true\" data-edge=\"true\"><\/div>\n","protected":false},"featured_media":651,"comment_status":"open","ping_status":"closed","template":"","meta":[],"product_brand":[40],"product_cat":[35],"product_tag":[],"class_list":{"0":"post-545","1":"product","2":"type-product","3":"status-publish","4":"has-post-thumbnail","6":"product_brand-gofitcenter","7":"product_cat-women-sportswear","9":"first","10":"instock","11":"taxable","12":"shipping-taxable","13":"purchasable","14":"product-type-variable"},"bundled_by":[],"bundle_stock_status":"instock","bundle_stock_quantity":null,"bundle_virtual":false,"bundle_layout":"","bundle_add_to_cart_form_location":"","bundle_editable_in_cart":false,"bundle_sold_individually_context":"","bundle_item_grouping":"","bundle_min_size":"","bundle_max_size":"","bundle_price":[],"bundled_items":[],"bundle_sell_ids":[],"yoast_head":"<!-- This site is optimized with the Yoast SEO plugin v27.0 - https:\/\/yoast.com\/product\/yoast-seo-wordpress\/ -->\n<title>GoFit S\u00e9l\u00e8ne Shorts - GoFitCenter<\/title>\n<meta name=\"description\" content=\"Discover S\u00e9l\u00e8ne high waist shorts for women, offering comfort, stretch and a supportive fit. Perfect for workouts, training and active everyday wear.\" \/>\n<meta name=\"robots\" content=\"index, follow, max-snippet:-1, max-image-preview:large, max-video-preview:-1\" \/>\n<link rel=\"canonical\" href=\"https:\/\/gofitcenter.ch\/it\/prodotto\/selene-shorts\/\" \/>\n<meta property=\"og:locale\" content=\"it_IT\" \/>\n<meta property=\"og:type\" content=\"article\" \/>\n<meta property=\"og:title\" content=\"GoFit S\u00e9l\u00e8ne Shorts - GoFitCenter\" \/>\n<meta property=\"og:description\" content=\"Discover S\u00e9l\u00e8ne high waist shorts for women, offering comfort, stretch and a supportive fit. Perfect for workouts, training and active everyday wear.\" \/>\n<meta property=\"og:url\" content=\"https:\/\/gofitcenter.ch\/it\/prodotto\/selene-shorts\/\" \/>\n<meta property=\"og:site_name\" content=\"GoFitCenter\" \/>\n<meta property=\"article:modified_time\" content=\"2026-03-06T23:01:56+00:00\" \/>\n<meta property=\"og:image\" content=\"http:\/\/gofitcenter.ch\/wp-content\/uploads\/2025\/12\/e1961ccf-0aa3-4ede-8569-0210cd9aea85.png\" \/>\n\t<meta property=\"og:image:width\" content=\"1024\" \/>\n\t<meta property=\"og:image:height\" content=\"1024\" \/>\n\t<meta property=\"og:image:type\" content=\"image\/png\" \/>\n<meta name=\"twitter:card\" content=\"summary_large_image\" \/>\n<meta name=\"twitter:label1\" content=\"Tempo di lettura stimato\" \/>\n\t<meta name=\"twitter:data1\" content=\"1 minuto\" \/>\n<script type=\"application\/ld+json\" class=\"yoast-schema-graph\">{\"@context\":\"https:\/\/schema.org\",\"@graph\":[{\"@type\":\"WebPage\",\"@id\":\"https:\/\/gofitcenter.ch\/product\/selene-shorts\/\",\"url\":\"https:\/\/gofitcenter.ch\/product\/selene-shorts\/\",\"name\":\"GoFit S\u00e9l\u00e8ne Shorts - GoFitCenter\",\"isPartOf\":{\"@id\":\"http:\/\/gofitcenter.ch\/#website\"},\"primaryImageOfPage\":{\"@id\":\"https:\/\/gofitcenter.ch\/product\/selene-shorts\/#primaryimage\"},\"image\":{\"@id\":\"https:\/\/gofitcenter.ch\/product\/selene-shorts\/#primaryimage\"},\"thumbnailUrl\":\"https:\/\/gofitcenter.ch\/wp-content\/uploads\/2025\/12\/e1961ccf-0aa3-4ede-8569-0210cd9aea85.png\",\"datePublished\":\"2025-12-04T10:25:34+00:00\",\"dateModified\":\"2026-03-06T23:01:56+00:00\",\"description\":\"Discover S\u00e9l\u00e8ne high waist shorts for women, offering comfort, stretch and a supportive fit. Perfect for workouts, training and active everyday wear.\",\"breadcrumb\":{\"@id\":\"https:\/\/gofitcenter.ch\/product\/selene-shorts\/#breadcrumb\"},\"inLanguage\":\"it-IT\",\"potentialAction\":[{\"@type\":\"ReadAction\",\"target\":[\"https:\/\/gofitcenter.ch\/product\/selene-shorts\/\"]}]},{\"@type\":\"ImageObject\",\"inLanguage\":\"it-IT\",\"@id\":\"https:\/\/gofitcenter.ch\/product\/selene-shorts\/#primaryimage\",\"url\":\"https:\/\/gofitcenter.ch\/wp-content\/uploads\/2025\/12\/e1961ccf-0aa3-4ede-8569-0210cd9aea85.png\",\"contentUrl\":\"https:\/\/gofitcenter.ch\/wp-content\/uploads\/2025\/12\/e1961ccf-0aa3-4ede-8569-0210cd9aea85.png\",\"width\":1024,\"height\":1024},{\"@type\":\"BreadcrumbList\",\"@id\":\"https:\/\/gofitcenter.ch\/product\/selene-shorts\/#breadcrumb\",\"itemListElement\":[{\"@type\":\"ListItem\",\"position\":1,\"name\":\"Accueil\",\"item\":\"https:\/\/gofitcenter.ch\/\"},{\"@type\":\"ListItem\",\"position\":2,\"name\":\"Shop\",\"item\":\"http:\/\/gofitcenter.ch\/shop\/\"},{\"@type\":\"ListItem\",\"position\":3,\"name\":\"GoFit S\u00e9l\u00e8ne Shorts\"}]},{\"@type\":\"WebSite\",\"@id\":\"http:\/\/gofitcenter.ch\/#website\",\"url\":\"http:\/\/gofitcenter.ch\/\",\"name\":\"GoFitCenter\",\"description\":\"\",\"publisher\":{\"@id\":\"http:\/\/gofitcenter.ch\/#organization\"},\"potentialAction\":[{\"@type\":\"SearchAction\",\"target\":{\"@type\":\"EntryPoint\",\"urlTemplate\":\"http:\/\/gofitcenter.ch\/?s={search_term_string}\"},\"query-input\":{\"@type\":\"PropertyValueSpecification\",\"valueRequired\":true,\"valueName\":\"search_term_string\"}}],\"inLanguage\":\"it-IT\"},{\"@type\":\"Organization\",\"@id\":\"http:\/\/gofitcenter.ch\/#organization\",\"name\":\"GoFitCenter\",\"url\":\"http:\/\/gofitcenter.ch\/\",\"logo\":{\"@type\":\"ImageObject\",\"inLanguage\":\"it-IT\",\"@id\":\"http:\/\/gofitcenter.ch\/#\/schema\/logo\/image\/\",\"url\":\"https:\/\/gofitcenter.ch\/wp-content\/uploads\/2025\/12\/telechargement.png\",\"contentUrl\":\"https:\/\/gofitcenter.ch\/wp-content\/uploads\/2025\/12\/telechargement.png\",\"width\":28,\"height\":28,\"caption\":\"GoFitCenter\"},\"image\":{\"@id\":\"http:\/\/gofitcenter.ch\/#\/schema\/logo\/image\/\"}}]}<\/script>\n<!-- \/ Yoast SEO plugin. -->","yoast_head_json":{"title":"GoFit S\u00e9l\u00e8ne Shorts - GoFitCenter","description":"Discover S\u00e9l\u00e8ne high waist shorts for women, offering comfort, stretch and a supportive fit. Perfect for workouts, training and active everyday wear.","robots":{"index":"index","follow":"follow","max-snippet":"max-snippet:-1","max-image-preview":"max-image-preview:large","max-video-preview":"max-video-preview:-1"},"canonical":"https:\/\/gofitcenter.ch\/it\/prodotto\/selene-shorts\/","og_locale":"it_IT","og_type":"article","og_title":"GoFit S\u00e9l\u00e8ne Shorts - GoFitCenter","og_description":"Discover S\u00e9l\u00e8ne high waist shorts for women, offering comfort, stretch and a supportive fit. Perfect for workouts, training and active everyday wear.","og_url":"https:\/\/gofitcenter.ch\/it\/prodotto\/selene-shorts\/","og_site_name":"GoFitCenter","article_modified_time":"2026-03-06T23:01:56+00:00","og_image":[{"width":1024,"height":1024,"url":"http:\/\/gofitcenter.ch\/wp-content\/uploads\/2025\/12\/e1961ccf-0aa3-4ede-8569-0210cd9aea85.png","type":"image\/png"}],"twitter_card":"summary_large_image","twitter_misc":{"Tempo di lettura stimato":"1 minuto"},"schema":{"@context":"https:\/\/schema.org","@graph":[{"@type":"WebPage","@id":"https:\/\/gofitcenter.ch\/product\/selene-shorts\/","url":"https:\/\/gofitcenter.ch\/product\/selene-shorts\/","name":"GoFit S\u00e9l\u00e8ne Shorts - GoFitCenter","isPartOf":{"@id":"http:\/\/gofitcenter.ch\/#website"},"primaryImageOfPage":{"@id":"https:\/\/gofitcenter.ch\/product\/selene-shorts\/#primaryimage"},"image":{"@id":"https:\/\/gofitcenter.ch\/product\/selene-shorts\/#primaryimage"},"thumbnailUrl":"https:\/\/gofitcenter.ch\/wp-content\/uploads\/2025\/12\/e1961ccf-0aa3-4ede-8569-0210cd9aea85.png","datePublished":"2025-12-04T10:25:34+00:00","dateModified":"2026-03-06T23:01:56+00:00","description":"Discover S\u00e9l\u00e8ne high waist shorts for women, offering comfort, stretch and a supportive fit. Perfect for workouts, training and active everyday wear.","breadcrumb":{"@id":"https:\/\/gofitcenter.ch\/product\/selene-shorts\/#breadcrumb"},"inLanguage":"it-IT","potentialAction":[{"@type":"ReadAction","target":["https:\/\/gofitcenter.ch\/product\/selene-shorts\/"]}]},{"@type":"ImageObject","inLanguage":"it-IT","@id":"https:\/\/gofitcenter.ch\/product\/selene-shorts\/#primaryimage","url":"https:\/\/gofitcenter.ch\/wp-content\/uploads\/2025\/12\/e1961ccf-0aa3-4ede-8569-0210cd9aea85.png","contentUrl":"https:\/\/gofitcenter.ch\/wp-content\/uploads\/2025\/12\/e1961ccf-0aa3-4ede-8569-0210cd9aea85.png","width":1024,"height":1024},{"@type":"BreadcrumbList","@id":"https:\/\/gofitcenter.ch\/product\/selene-shorts\/#breadcrumb","itemListElement":[{"@type":"ListItem","position":1,"name":"Accueil","item":"https:\/\/gofitcenter.ch\/"},{"@type":"ListItem","position":2,"name":"Shop","item":"http:\/\/gofitcenter.ch\/shop\/"},{"@type":"ListItem","position":3,"name":"GoFit S\u00e9l\u00e8ne Shorts"}]},{"@type":"WebSite","@id":"http:\/\/gofitcenter.ch\/#website","url":"http:\/\/gofitcenter.ch\/","name":"Centro fitness GoFit","description":"","publisher":{"@id":"http:\/\/gofitcenter.ch\/#organization"},"potentialAction":[{"@type":"SearchAction","target":{"@type":"EntryPoint","urlTemplate":"http:\/\/gofitcenter.ch\/?s={search_term_string}"},"query-input":{"@type":"PropertyValueSpecification","valueRequired":true,"valueName":"search_term_string"}}],"inLanguage":"it-IT"},{"@type":"Organization","@id":"http:\/\/gofitcenter.ch\/#organization","name":"Centro fitness GoFit","url":"http:\/\/gofitcenter.ch\/","logo":{"@type":"ImageObject","inLanguage":"it-IT","@id":"http:\/\/gofitcenter.ch\/#\/schema\/logo\/image\/","url":"https:\/\/gofitcenter.ch\/wp-content\/uploads\/2025\/12\/telechargement.png","contentUrl":"https:\/\/gofitcenter.ch\/wp-content\/uploads\/2025\/12\/telechargement.png","width":28,"height":28,"caption":"GoFitCenter"},"image":{"@id":"http:\/\/gofitcenter.ch\/#\/schema\/logo\/image\/"}}]}},"_links":{"self":[{"href":"https:\/\/gofitcenter.ch\/it\/wp-json\/wp\/v2\/product\/545","targetHints":{"allow":["GET"]}}],"collection":[{"href":"https:\/\/gofitcenter.ch\/it\/wp-json\/wp\/v2\/product"}],"about":[{"href":"https:\/\/gofitcenter.ch\/it\/wp-json\/wp\/v2\/types\/product"}],"replies":[{"embeddable":true,"href":"https:\/\/gofitcenter.ch\/it\/wp-json\/wp\/v2\/comments?post=545"}],"wp:featuredmedia":[{"embeddable":true,"href":"https:\/\/gofitcenter.ch\/it\/wp-json\/wp\/v2\/media\/651"}],"wp:attachment":[{"href":"https:\/\/gofitcenter.ch\/it\/wp-json\/wp\/v2\/media?parent=545"}],"wp:term":[{"taxonomy":"product_brand","embeddable":true,"href":"https:\/\/gofitcenter.ch\/it\/wp-json\/wp\/v2\/product_brand?post=545"},{"taxonomy":"product_cat","embeddable":true,"href":"https:\/\/gofitcenter.ch\/it\/wp-json\/wp\/v2\/product_cat?post=545"},{"taxonomy":"product_tag","embeddable":true,"href":"https:\/\/gofitcenter.ch\/it\/wp-json\/wp\/v2\/product_tag?post=545"}],"curies":[{"name":"wp","href":"https:\/\/api.w.org\/{rel}","templated":true}]}}